{"id":52408,"date":"2021-01-19T07:46:34","date_gmt":"2021-01-19T05:46:34","guid":{"rendered":"https:\/\/ferronnerie-steichen.lu\/impressum\/"},"modified":"2022-11-17T13:01:27","modified_gmt":"2022-11-17T11:01:27","slug":"impressum","status":"publish","type":"page","link":"https:\/\/ferronnerie-steichen.lu\/de\/impressum\/","title":{"rendered":"Impressum"},"content":{"rendered":"<p>[et_pb_section fb_built=&#8220;1&#8243; _builder_version=&#8220;4.16&#8243; background_color=&#8220;#ededed&#8220; use_background_color_gradient=&#8220;on&#8220; background_color_gradient_stops=&#8220;rgba(10,69,108,0.5) 0%|rgba(10,69,108,0.5) 100%&#8220; background_color_gradient_overlays_image=&#8220;on&#8220; background_color_gradient_start=&#8220;rgba(10,69,108,0.5)&#8220; background_color_gradient_end=&#8220;rgba(10,69,108,0.5)&#8220; background_image=&#8220;https:\/\/ferronnerie-steichen.lu\/wp-content\/uploads\/2021\/02\/Garde-coprs-3.jpg&#8220; custom_padding=&#8220;80px||80px||true&#8220; saved_tabs=&#8220;all&#8220; global_colors_info=&#8220;{}&#8220;][et_pb_row column_structure=&#8220;2_3,1_3&#8243; padding_top_bottom_link_1=&#8220;false&#8220; padding_left_right_link_1=&#8220;true&#8220; _builder_version=&#8220;4.16&#8243; animation_direction=&#8220;left&#8220; border_color_left=&#8220;#0c0c0c&#8220; global_colors_info=&#8220;{}&#8220;][et_pb_column type=&#8220;2_3&#8243; _builder_version=&#8220;4.16&#8243; background_enable_color=&#8220;off&#8220; background_position=&#8220;bottom_center&#8220; background_repeat=&#8220;repeat&#8220; custom_padding=&#8220;70px|65px|70px|65px|true&#8220; custom_padding_tablet=&#8220;&#8220; custom_padding_phone=&#8220;69px|30px|78px|30px|false|true&#8220; custom_padding_last_edited=&#8220;on|desktop&#8220; global_colors_info=&#8220;{}&#8220; custom_padding__hover=&#8220;|||&#8220;][et_pb_text _builder_version=&#8220;4.16&#8243; text_font=&#8220;Poppins|700||on|||||&#8220; text_text_color=&#8220;#ffffff&#8220; text_font_size=&#8220;40px&#8220; text_line_height=&#8220;1.3em&#8220; header_font=&#8220;Open Sans|700|||||||&#8220; header_text_color=&#8220;#ffffff&#8220; header_line_height=&#8220;1.2em&#8220; text_font_size_tablet=&#8220;&#8220; text_font_size_phone=&#8220;25px&#8220; text_font_size_last_edited=&#8220;on|phone&#8220; header_font_size_tablet=&#8220;25px&#8220; header_font_size_phone=&#8220;22px&#8220; header_font_size_last_edited=&#8220;on|tablet&#8220; global_colors_info=&#8220;{}&#8220;]<\/p>\n<h1>Impressum<\/h1>\n<p>[\/et_pb_text][et_pb_button button_url=&#8220;\/de\/&#8220; button_text=&#8220;Zur\u00fcck zur Startseite&#8220; button_alignment=&#8220;left&#8220; _builder_version=&#8220;4.19.0&#8243; custom_button=&#8220;on&#8220; button_text_size=&#8220;14px&#8220; button_text_color=&#8220;#000000&#8243; button_bg_color=&#8220;#ffffff&#8220; button_border_width=&#8220;1px&#8220; button_border_color=&#8220;#ffffff&#8220; button_border_radius=&#8220;0px&#8220; button_letter_spacing=&#8220;1px&#8220; button_font=&#8220;Poppins|||on|||||&#8220; button_use_icon=&#8220;off&#8220; custom_margin=&#8220;28px||&#8220; custom_padding=&#8220;17px|30px|17px|30px|true|true&#8220; hover_enabled=&#8220;0&#8243; global_colors_info=&#8220;{}&#8220; button_bg_color__hover_enabled=&#8220;on&#8220; button_bg_color__hover=&#8220;#bfbfbf&#8220; button_letter_spacing__hover_enabled=&#8220;on&#8220; button_letter_spacing__hover=&#8220;2px&#8220; button_border_color__hover_enabled=&#8220;on&#8220; button_border_color__hover=&#8220;#bfbfbf&#8220; button_text_color__hover_enabled=&#8220;on&#8220; button_text_color__hover=&#8220;#474747&#8243; sticky_enabled=&#8220;0&#8243;][\/et_pb_button][\/et_pb_column][et_pb_column type=&#8220;1_3&#8243; _builder_version=&#8220;4.16&#8243; custom_padding=&#8220;|||&#8220; global_colors_info=&#8220;{}&#8220; custom_padding__hover=&#8220;|||&#8220;][\/et_pb_column][\/et_pb_row][\/et_pb_section][et_pb_section fb_built=&#8220;1&#8243; _builder_version=&#8220;4.16&#8243; background_color=&#8220;#f4f4f4&#8243; custom_padding=&#8220;80px||80px||true|&#8220; global_colors_info=&#8220;{}&#8220;][et_pb_row use_custom_gutter=&#8220;on&#8220; gutter_width=&#8220;2&#8243; make_equal=&#8220;on&#8220; module_class=&#8220;reverse&#8220; _builder_version=&#8220;4.16&#8243; width_tablet=&#8220;90%&#8220; width_phone=&#8220;90%&#8220; width_last_edited=&#8220;off|phone&#8220; max_width_tablet=&#8220;90%&#8220; max_width_phone=&#8220;90%&#8220; max_width_last_edited=&#8220;off|tablet&#8220; custom_margin=&#8220;|||&#8220; animation_direction=&#8220;bottom&#8220; global_colors_info=&#8220;{}&#8220;][et_pb_column type=&#8220;4_4&#8243; _builder_version=&#8220;4.16&#8243; custom_padding=&#8220;|||&#8220; custom_css_main_element=&#8220;margin: auto&#8220; global_colors_info=&#8220;{}&#8220; custom_padding__hover=&#8220;|||&#8220;][et_pb_text _builder_version=&#8220;4.16&#8243; text_font=&#8220;Open Sans||||||||&#8220; text_text_color=&#8220;#000000&#8243; text_font_size=&#8220;15px&#8220; text_line_height=&#8220;1.8em&#8220; header_font=&#8220;Muli||||||||&#8220; header_text_color=&#8220;#444444&#8243; header_font_size=&#8220;16px&#8220; header_line_height=&#8220;1.8em&#8220; max_width=&#8220;100%&#8220; max_width_tablet=&#8220;100%&#8220; max_width_phone=&#8220;100%&#8220; max_width_last_edited=&#8220;off|desktop&#8220; global_colors_info=&#8220;{}&#8220;]<\/p>\n<h2><b>Impressum<\/b><\/h2>\n<p>Ferronnerie d\u2019Art Steichen Charles S. \u00e0 r. l.<\/p>\n<p><span>2 Haaptstrooss, 9182 Scheidel<\/span><\/p>\n<p><span>Telefon :<\/span><span><a href=\"tel:+352990125\">+352 99 01 25<\/a><\/span><\/p>\n<p><span>Fax <\/span><span>: +352 99 06 79<\/span><\/p>\n<p><span>E-Mail <\/span><span>: <a href=\"mailto:info@ferronnerie-steichen.lu\" title=\"info@ferronnerie-steichen.lu\">info@ferronnerie-steichen.lu<\/a><\/span><\/p>\n<p><span>Handelsregisternummer : B122435<\/span><\/p>\n<p><span>Nationale MwSt.-Nr : LU21491266<\/span><\/p>\n<p><span>Internationale MwSt.-Nr :<\/span><span> 20062449269<\/span><\/p>\n<p><span>Gesch\u00e4ftsf\u00fchrer: Charles STEICHEN<\/span><span><\/span><\/p>\n<p>[\/et_pb_text][\/et_pb_column][\/et_pb_row][\/et_pb_section]<\/p>\n","protected":false},"excerpt":{"rendered":"<p>ImpressumImpressum Ferronnerie d\u2019Art Steichen Charles S. \u00e0 r. l. 2 Haaptstrooss, 9182 Scheidel Telefon :+352 99 01 25 Fax : +352 99 06 79 E-Mail : info@ferronnerie-steichen.lu Handelsregisternummer : B122435 Nationale MwSt.-Nr : LU21491266 Internationale MwSt.-Nr : 20062449269 Gesch\u00e4ftsf\u00fchrer: Charles STEICHEN<\/p>\n","protected":false},"author":1372,"featured_media":0,"parent":0,"menu_order":0,"comment_status":"closed","ping_status":"closed","template":"","meta":{"_et_pb_use_builder":"on","_et_pb_old_content":"","_et_gb_content_width":"","footnotes":""},"class_list":["post-52408","page","type-page","status-publish","hentry"],"yoast_head":"<!-- This site is optimized with the Yoast SEO plugin v27.5 - https:\/\/yoast.com\/product\/yoast-seo-wordpress\/ -->\n<title>Impressum - Ferronnerie d&#039;Art Steichen<\/title>\n<meta name=\"robots\" content=\"noindex, follow\" \/>\n<meta property=\"og:locale\" content=\"de_DE\" \/>\n<meta property=\"og:type\" content=\"article\" \/>\n<meta property=\"og:title\" content=\"Impressum - Ferronnerie d&#039;Art Steichen\" \/>\n<meta property=\"og:description\" content=\"ImpressumImpressum Ferronnerie d\u2019Art Steichen Charles S. \u00e0 r. l. 2 Haaptstrooss, 9182 Scheidel Telefon :+352 99 01 25 Fax : +352 99 06 79 E-Mail : info@ferronnerie-steichen.lu Handelsregisternummer : B122435 Nationale MwSt.-Nr : LU21491266 Internationale MwSt.-Nr : 20062449269 Gesch\u00e4ftsf\u00fchrer: Charles STEICHEN\" \/>\n<meta property=\"og:url\" content=\"https:\/\/ferronnerie-steichen.lu\/de\/impressum\/\" \/>\n<meta property=\"og:site_name\" content=\"Ferronnerie d&#039;Art Steichen\" \/>\n<meta property=\"article:modified_time\" content=\"2022-11-17T11:01:27+00:00\" \/>\n<meta name=\"twitter:card\" content=\"summary_large_image\" \/>\n<meta name=\"twitter:label1\" content=\"Gesch\u00e4tzte Lesezeit\" \/>\n\t<meta name=\"twitter:data1\" content=\"3\u00a0Minuten\" \/>\n<script type=\"application\/ld+json\" class=\"yoast-schema-graph\">{\"@context\":\"https:\\\/\\\/schema.org\",\"@graph\":[{\"@type\":\"WebPage\",\"@id\":\"https:\\\/\\\/ferronnerie-steichen.lu\\\/de\\\/impressum\\\/\",\"url\":\"https:\\\/\\\/ferronnerie-steichen.lu\\\/de\\\/impressum\\\/\",\"name\":\"Impressum - Ferronnerie d&#039;Art Steichen\",\"isPartOf\":{\"@id\":\"https:\\\/\\\/ferronnerie-steichen.lu\\\/de\\\/#website\"},\"datePublished\":\"2021-01-19T05:46:34+00:00\",\"dateModified\":\"2022-11-17T11:01:27+00:00\",\"breadcrumb\":{\"@id\":\"https:\\\/\\\/ferronnerie-steichen.lu\\\/de\\\/impressum\\\/#breadcrumb\"},\"inLanguage\":\"de\",\"potentialAction\":[{\"@type\":\"ReadAction\",\"target\":[\"https:\\\/\\\/ferronnerie-steichen.lu\\\/de\\\/impressum\\\/\"]}]},{\"@type\":\"BreadcrumbList\",\"@id\":\"https:\\\/\\\/ferronnerie-steichen.lu\\\/de\\\/impressum\\\/#breadcrumb\",\"itemListElement\":[{\"@type\":\"ListItem\",\"position\":1,\"name\":\"Home\",\"item\":\"https:\\\/\\\/ferronnerie-steichen.lu\\\/de\\\/\"},{\"@type\":\"ListItem\",\"position\":2,\"name\":\"Impressum\"}]},{\"@type\":\"WebSite\",\"@id\":\"https:\\\/\\\/ferronnerie-steichen.lu\\\/de\\\/#website\",\"url\":\"https:\\\/\\\/ferronnerie-steichen.lu\\\/de\\\/\",\"name\":\"Ferronnerie Steichen\",\"description\":\"Soci\u00e9t\u00e9 luxembourgeoise sp\u00e9cialis\u00e9e dans la r\u00e9alisation de cr\u00e9ations m\u00e9talliques sur mesure\",\"potentialAction\":[{\"@type\":\"SearchAction\",\"target\":{\"@type\":\"EntryPoint\",\"urlTemplate\":\"https:\\\/\\\/ferronnerie-steichen.lu\\\/de\\\/?s={search_term_string}\"},\"query-input\":{\"@type\":\"PropertyValueSpecification\",\"valueRequired\":true,\"valueName\":\"search_term_string\"}}],\"inLanguage\":\"de\"}]}<\/script>\n<!-- \/ Yoast SEO plugin. -->","yoast_head_json":{"title":"Impressum - Ferronnerie d&#039;Art Steichen","robots":{"index":"noindex","follow":"follow"},"og_locale":"de_DE","og_type":"article","og_title":"Impressum - Ferronnerie d&#039;Art Steichen","og_description":"ImpressumImpressum Ferronnerie d\u2019Art Steichen Charles S. \u00e0 r. l. 2 Haaptstrooss, 9182 Scheidel Telefon :+352 99 01 25 Fax : +352 99 06 79 E-Mail : info@ferronnerie-steichen.lu Handelsregisternummer : B122435 Nationale MwSt.-Nr : LU21491266 Internationale MwSt.-Nr : 20062449269 Gesch\u00e4ftsf\u00fchrer: Charles STEICHEN","og_url":"https:\/\/ferronnerie-steichen.lu\/de\/impressum\/","og_site_name":"Ferronnerie d&#039;Art Steichen","article_modified_time":"2022-11-17T11:01:27+00:00","twitter_card":"summary_large_image","twitter_misc":{"Gesch\u00e4tzte Lesezeit":"3\u00a0Minuten"},"schema":{"@context":"https:\/\/schema.org","@graph":[{"@type":"WebPage","@id":"https:\/\/ferronnerie-steichen.lu\/de\/impressum\/","url":"https:\/\/ferronnerie-steichen.lu\/de\/impressum\/","name":"Impressum - Ferronnerie d&#039;Art Steichen","isPartOf":{"@id":"https:\/\/ferronnerie-steichen.lu\/de\/#website"},"datePublished":"2021-01-19T05:46:34+00:00","dateModified":"2022-11-17T11:01:27+00:00","breadcrumb":{"@id":"https:\/\/ferronnerie-steichen.lu\/de\/impressum\/#breadcrumb"},"inLanguage":"de","potentialAction":[{"@type":"ReadAction","target":["https:\/\/ferronnerie-steichen.lu\/de\/impressum\/"]}]},{"@type":"BreadcrumbList","@id":"https:\/\/ferronnerie-steichen.lu\/de\/impressum\/#breadcrumb","itemListElement":[{"@type":"ListItem","position":1,"name":"Home","item":"https:\/\/ferronnerie-steichen.lu\/de\/"},{"@type":"ListItem","position":2,"name":"Impressum"}]},{"@type":"WebSite","@id":"https:\/\/ferronnerie-steichen.lu\/de\/#website","url":"https:\/\/ferronnerie-steichen.lu\/de\/","name":"Ferronnerie Steichen","description":"Soci\u00e9t\u00e9 luxembourgeoise sp\u00e9cialis\u00e9e dans la r\u00e9alisation de cr\u00e9ations m\u00e9talliques sur mesure","potentialAction":[{"@type":"SearchAction","target":{"@type":"EntryPoint","urlTemplate":"https:\/\/ferronnerie-steichen.lu\/de\/?s={search_term_string}"},"query-input":{"@type":"PropertyValueSpecification","valueRequired":true,"valueName":"search_term_string"}}],"inLanguage":"de"}]}},"_links":{"self":[{"href":"https:\/\/ferronnerie-steichen.lu\/de\/wp-json\/wp\/v2\/pages\/52408","targetHints":{"allow":["GET"]}}],"collection":[{"href":"https:\/\/ferronnerie-steichen.lu\/de\/wp-json\/wp\/v2\/pages"}],"about":[{"href":"https:\/\/ferronnerie-steichen.lu\/de\/wp-json\/wp\/v2\/types\/page"}],"author":[{"embeddable":true,"href":"https:\/\/ferronnerie-steichen.lu\/de\/wp-json\/wp\/v2\/users\/1372"}],"replies":[{"embeddable":true,"href":"https:\/\/ferronnerie-steichen.lu\/de\/wp-json\/wp\/v2\/comments?post=52408"}],"version-history":[{"count":0,"href":"https:\/\/ferronnerie-steichen.lu\/de\/wp-json\/wp\/v2\/pages\/52408\/revisions"}],"wp:attachment":[{"href":"https:\/\/ferronnerie-steichen.lu\/de\/wp-json\/wp\/v2\/media?parent=52408"}],"curies":[{"name":"wp","href":"https:\/\/api.w.org\/{rel}","templated":true}]}}