{"id":52404,"date":"2021-01-18T13:50:29","date_gmt":"2021-01-18T11:50:29","guid":{"rendered":"https:\/\/ferronnerie-steichen.lu\/unsere-firma\/"},"modified":"2024-10-29T14:42:38","modified_gmt":"2024-10-29T12:42:38","slug":"unsere-firma","status":"publish","type":"page","link":"https:\/\/ferronnerie-steichen.lu\/de\/unsere-firma\/","title":{"rendered":"Unsere Firma"},"content":{"rendered":"<p>[et_pb_section fb_built=&#8220;1&#8243; _builder_version=&#8220;4.16&#8243; background_color=&#8220;#ededed&#8220; use_background_color_gradient=&#8220;on&#8220; background_color_gradient_stops=&#8220;rgba(10,69,108,0.5) 0%|rgba(10,69,108,0.5) 100%&#8220; background_color_gradient_overlays_image=&#8220;on&#8220; background_color_gradient_start=&#8220;rgba(10,69,108,0.5)&#8220; background_color_gradient_end=&#8220;rgba(10,69,108,0.5)&#8220; background_image=&#8220;https:\/\/ferronnerie-steichen.lu\/wp-content\/uploads\/2021\/02\/Escalier-8.jpg&#8220; custom_padding=&#8220;80px||80px||true&#8220; saved_tabs=&#8220;all&#8220; global_colors_info=&#8220;{}&#8220;][et_pb_row column_structure=&#8220;2_3,1_3&#8243; padding_top_bottom_link_1=&#8220;false&#8220; padding_left_right_link_1=&#8220;true&#8220; _builder_version=&#8220;4.16&#8243; animation_direction=&#8220;left&#8220; border_color_left=&#8220;#0c0c0c&#8220; global_colors_info=&#8220;{}&#8220;][et_pb_column type=&#8220;2_3&#8243; _builder_version=&#8220;4.16&#8243; background_enable_color=&#8220;off&#8220; background_position=&#8220;bottom_center&#8220; background_repeat=&#8220;repeat&#8220; custom_padding=&#8220;70px|65px|70px|65px|true&#8220; custom_padding_tablet=&#8220;&#8220; custom_padding_phone=&#8220;69px|30px|78px|30px|false|true&#8220; custom_padding_last_edited=&#8220;on|desktop&#8220; global_colors_info=&#8220;{}&#8220; custom_padding__hover=&#8220;|||&#8220;][et_pb_text _builder_version=&#8220;4.16&#8243; text_font=&#8220;Poppins|700||on|||||&#8220; text_text_color=&#8220;#ffffff&#8220; text_font_size=&#8220;40px&#8220; text_line_height=&#8220;1.3em&#8220; header_font=&#8220;Open Sans|700|||||||&#8220; header_text_color=&#8220;#ffffff&#8220; header_line_height=&#8220;1.2em&#8220; text_font_size_tablet=&#8220;&#8220; text_font_size_phone=&#8220;25px&#8220; text_font_size_last_edited=&#8220;on|phone&#8220; header_font_size_tablet=&#8220;25px&#8220; header_font_size_phone=&#8220;22px&#8220; header_font_size_last_edited=&#8220;on|tablet&#8220; global_colors_info=&#8220;{}&#8220;]<\/p>\n<h1>\u00dcber Ferronnerie d&#8217;Art Steichen S\u00c0RL<\/h1>\n<p>[\/et_pb_text][et_pb_divider color=&#8220;#ffffff&#8220; divider_weight=&#8220;4px&#8220; _builder_version=&#8220;4.16&#8243; max_width=&#8220;119px&#8220; custom_margin=&#8220;-2px||3px|&#8220; global_colors_info=&#8220;{}&#8220;][\/et_pb_divider][et_pb_text _builder_version=&#8220;4.16&#8243; text_font=&#8220;Roboto|300|||||||&#8220; text_text_color=&#8220;#ffffff&#8220; text_font_size=&#8220;15px&#8220; text_line_height=&#8220;1.8em&#8220; header_2_font=&#8220;Open Sans|600|||||||&#8220; header_2_text_color=&#8220;#ffffff&#8220; header_2_font_size=&#8220;18px&#8220; header_2_line_height=&#8220;1.5em&#8220; header_2_font_size_tablet=&#8220;&#8220; header_2_font_size_phone=&#8220;14px&#8220; header_2_font_size_last_edited=&#8220;on|phone&#8220; global_colors_info=&#8220;{}&#8220;]<\/p>\n<h2>La Ferronnerie d&#8217;Art Steichen Charles S\u00e0rl steht auch f\u00fcr einen erstklassigen Kundenservice!<\/h2>\n<p>[\/et_pb_text][et_pb_button button_url=&#8220;https:\/\/ferronnerie-steichen.lu\/de\/kontakt\/&#8220; button_text=&#8220;Kontaktieren Sie uns&#8220; button_alignment=&#8220;left&#8220; _builder_version=&#8220;4.16&#8243; custom_button=&#8220;on&#8220; button_text_size=&#8220;14px&#8220; button_text_color=&#8220;#000000&#8243; button_bg_color=&#8220;#ffffff&#8220; button_border_width=&#8220;1px&#8220; button_border_color=&#8220;#ffffff&#8220; button_border_radius=&#8220;0px&#8220; button_letter_spacing=&#8220;1px&#8220; button_font=&#8220;Poppins|||on|||||&#8220; button_use_icon=&#8220;off&#8220; custom_margin=&#8220;28px||&#8220; custom_padding=&#8220;17px|30px|17px|30px|true|true&#8220; global_colors_info=&#8220;{}&#8220; button_bg_color__hover_enabled=&#8220;on&#8220; button_bg_color__hover=&#8220;#bfbfbf&#8220; button_letter_spacing__hover_enabled=&#8220;on&#8220; button_letter_spacing__hover=&#8220;2px&#8220; button_border_color__hover_enabled=&#8220;on&#8220; button_border_color__hover=&#8220;#bfbfbf&#8220; button_text_color__hover_enabled=&#8220;on&#8220; button_text_color__hover=&#8220;#474747&#8243;][\/et_pb_button][\/et_pb_column][et_pb_column type=&#8220;1_3&#8243; _builder_version=&#8220;4.16&#8243; custom_padding=&#8220;|||&#8220; global_colors_info=&#8220;{}&#8220; custom_padding__hover=&#8220;|||&#8220;][et_pb_image src=&#8220;https:\/\/ferronnerie-steichen.lu\/wp-content\/uploads\/2021\/01\/made_in_luxembourg_transparent.png&#8220; title_text=&#8220;made_in_luxembourg_transparent&#8220; align=&#8220;center&#8220; _builder_version=&#8220;4.16&#8243; _module_preset=&#8220;default&#8220; width=&#8220;80%&#8220; width_tablet=&#8220;50%&#8220; width_phone=&#8220;60%&#8220; width_last_edited=&#8220;on|phone&#8220; module_alignment=&#8220;center&#8220; filter_invert=&#8220;100%&#8220; global_colors_info=&#8220;{}&#8220;][\/et_pb_image][et_pb_text _builder_version=&#8220;4.16&#8243; _module_preset=&#8220;default&#8220; text_font=&#8220;Open Sans|700|||||||&#8220; text_text_color=&#8220;#ffffff&#8220; text_font_size=&#8220;16px&#8220; text_orientation=&#8220;center&#8220; text_text_shadow_style=&#8220;preset1&#8243; global_colors_info=&#8220;{}&#8220;]<\/p>\n<p>Wir zeigen mit Stolz unsere Fachkenntnisse und unser Know-how.<\/p>\n<p>[\/et_pb_text][\/et_pb_column][\/et_pb_row][\/et_pb_section][et_pb_section fb_built=&#8220;1&#8243; _builder_version=&#8220;4.16&#8243; custom_padding=&#8220;80px||80px||true|&#8220; global_colors_info=&#8220;{}&#8220;][et_pb_row column_structure=&#8220;1_2,1_2&#8243; use_custom_gutter=&#8220;on&#8220; gutter_width=&#8220;2&#8243; make_equal=&#8220;on&#8220; _builder_version=&#8220;4.16&#8243; width_tablet=&#8220;90%&#8220; width_phone=&#8220;90%&#8220; width_last_edited=&#8220;off|phone&#8220; max_width_tablet=&#8220;90%&#8220; max_width_phone=&#8220;90%&#8220; max_width_last_edited=&#8220;off|tablet&#8220; custom_margin=&#8220;|||&#8220; animation_direction=&#8220;bottom&#8220; global_colors_info=&#8220;{}&#8220;][et_pb_column type=&#8220;1_2&#8243; _builder_version=&#8220;4.16&#8243; background_image=&#8220;https:\/\/ferronnerie-steichen.lu\/wp-content\/uploads\/2021\/02\/Atelier_Steichen.jpg&#8220; custom_padding=&#8220;72px|||&#8220; custom_css_main_element=&#8220;margin: auto;&#8220; global_colors_info=&#8220;{}&#8220; custom_padding__hover=&#8220;|||&#8220;][et_pb_divider show_divider=&#8220;off&#8220; _builder_version=&#8220;4.16&#8243; _module_preset=&#8220;default&#8220; custom_padding=&#8220;125px||125px||true|false&#8220; custom_padding_tablet=&#8220;125px||125px||true|false&#8220; custom_padding_phone=&#8220;50px||50px||true|false&#8220; custom_padding_last_edited=&#8220;on|phone&#8220; global_colors_info=&#8220;{}&#8220;][\/et_pb_divider][\/et_pb_column][et_pb_column type=&#8220;1_2&#8243; _builder_version=&#8220;4.16&#8243; custom_padding=&#8220;|||&#8220; custom_css_main_element=&#8220;margin: auto&#8220; global_colors_info=&#8220;{}&#8220; custom_padding__hover=&#8220;|||&#8220;][et_pb_text _builder_version=&#8220;4.16&#8243; header_font=&#8220;Poppins|700|||||||&#8220; header_text_color=&#8220;#000000&#8243; header_line_height=&#8220;1.5em&#8220; header_3_font=&#8220;Open Sans|700|||||||&#8220; header_3_text_color=&#8220;#000000&#8243; header_3_line_height=&#8220;1.5em&#8220; max_width=&#8220;81%&#8220; max_width_tablet=&#8220;100%&#8220; max_width_phone=&#8220;100%&#8220; max_width_last_edited=&#8220;on|desktop&#8220; custom_margin=&#8220;||||false|false&#8220; custom_margin_tablet=&#8220;20px||||false|false&#8220; custom_margin_phone=&#8220;20px||||false|false&#8220; custom_margin_last_edited=&#8220;on|phone&#8220; custom_padding=&#8220;|||&#8220; header_font_size_tablet=&#8220;&#8220; header_font_size_phone=&#8220;22px&#8220; header_font_size_last_edited=&#8220;on|phone&#8220; header_3_font_size_tablet=&#8220;&#8220; header_3_font_size_phone=&#8220;22px&#8220; header_3_font_size_last_edited=&#8220;on|phone&#8220; global_colors_info=&#8220;{}&#8220;]<\/p>\n<h3>Ferronnerie d\u2019art Steichen S\u00e0rl<\/h3>\n<p>[\/et_pb_text][et_pb_text _builder_version=&#8220;4.19.1&#8243; text_font=&#8220;Open Sans||||||||&#8220; text_text_color=&#8220;#000000&#8243; text_font_size=&#8220;15px&#8220; text_line_height=&#8220;1.8em&#8220; header_font=&#8220;Muli||||||||&#8220; header_text_color=&#8220;#444444&#8243; header_font_size=&#8220;16px&#8220; header_line_height=&#8220;1.8em&#8220; text_orientation=&#8220;justified&#8220; max_width=&#8220;100%&#8220; max_width_tablet=&#8220;100%&#8220; max_width_phone=&#8220;100%&#8220; max_width_last_edited=&#8220;on|desktop&#8220; hover_enabled=&#8220;0&#8243; global_colors_info=&#8220;{}&#8220; sticky_enabled=&#8220;0&#8243;]<\/p>\n<p>1992 gr\u00fcndete Charles Steichen nach 15 Jahren Berufserfahrung den Schlossereibetrieb. Seitdem haben wir viele Projekte zur Zufriedenheit unserer Kunden durchgef\u00fchrt. Wir planen mit Ihnen Ihr individuelles Projekt von der Idee bis zur Umsetzung. Mit viel Fachwissen kombinieren wir Strukturen aus Stahl und Edelstahl mit Elementen aus Holz, Glas, Stein oder Gitterrosten. F\u00fcr absolute Freiheit in der Kunst der Metallbearbeitung<br \/>Wir restaurieren auch bestehende Gel\u00e4nder, Gitter, Tore etc.<\/p>\n<p>[\/et_pb_text][\/et_pb_column][\/et_pb_row][et_pb_row column_structure=&#8220;1_2,1_2&#8243; use_custom_gutter=&#8220;on&#8220; gutter_width=&#8220;2&#8243; make_equal=&#8220;on&#8220; _builder_version=&#8220;4.19.1&#8243; width_tablet=&#8220;90%&#8220; width_phone=&#8220;90%&#8220; width_last_edited=&#8220;off|phone&#8220; max_width_tablet=&#8220;90%&#8220; max_width_phone=&#8220;90%&#8220; max_width_last_edited=&#8220;off|tablet&#8220; custom_margin=&#8220;|||&#8220; animation_direction=&#8220;bottom&#8220; global_colors_info=&#8220;{}&#8220;][et_pb_column type=&#8220;1_2&#8243; _builder_version=&#8220;4.16&#8243; custom_padding=&#8220;|||&#8220; custom_css_main_element=&#8220;margin: auto&#8220; global_colors_info=&#8220;{}&#8220; custom_padding__hover=&#8220;|||&#8220;][et_pb_text _builder_version=&#8220;4.19.1&#8243; header_font=&#8220;Poppins|700|||||||&#8220; header_text_color=&#8220;#000000&#8243; header_line_height=&#8220;1.5em&#8220; header_3_font=&#8220;Open Sans|700|||||||&#8220; header_3_text_color=&#8220;#000000&#8243; header_3_line_height=&#8220;1.5em&#8220; max_width=&#8220;81%&#8220; max_width_tablet=&#8220;100%&#8220; max_width_phone=&#8220;100%&#8220; max_width_last_edited=&#8220;on|desktop&#8220; custom_margin=&#8220;||||false|false&#8220; custom_margin_tablet=&#8220;20px||||false|false&#8220; custom_margin_phone=&#8220;20px||||false|false&#8220; custom_margin_last_edited=&#8220;on|phone&#8220; custom_padding=&#8220;|||&#8220; header_font_size_tablet=&#8220;&#8220; header_font_size_phone=&#8220;22px&#8220; header_font_size_last_edited=&#8220;on|phone&#8220; header_3_font_size_tablet=&#8220;&#8220; header_3_font_size_phone=&#8220;22px&#8220; header_3_font_size_last_edited=&#8220;on|phone&#8220; global_colors_info=&#8220;{}&#8220;]<\/p>\n<h3>Ein neues Kapitel<\/h3>\n<p>[\/et_pb_text][et_pb_text _builder_version=&#8220;4.19.1&#8243; text_font=&#8220;Open Sans||||||||&#8220; text_text_color=&#8220;#000000&#8243; text_font_size=&#8220;15px&#8220; text_line_height=&#8220;1.8em&#8220; header_font=&#8220;Muli||||||||&#8220; header_text_color=&#8220;#444444&#8243; header_font_size=&#8220;16px&#8220; header_line_height=&#8220;1.8em&#8220; text_orientation=&#8220;justified&#8220; max_width=&#8220;100%&#8220; max_width_tablet=&#8220;100%&#8220; max_width_phone=&#8220;100%&#8220; max_width_last_edited=&#8220;on|desktop&#8220; global_colors_info=&#8220;{}&#8220;]<\/p>\n<p>F\u00fcr die Ferronnerie d\u2019art Steichen S\u00e0rl beginnt ein neues Kapitel mit dem Eintritt von Alain Steichen in das Unternehmen, der die Kontinuit\u00e4t dieses au\u00dfergew\u00f6hnlichen Handwerks sichert. Die neue Generation bringt einen Hauch von Modernit\u00e4t ein und wahrt zugleich die handwerklichen Traditionen, die den Ruf des Unternehmens gepr\u00e4gt haben. Dieser Generationenwechsel markiert einen Schritt in eine zukunftsorientierte Richtung, begleitet von einem stetigen Streben nach Verbesserung und Innovation. Die Ferronnerie d\u2019art Steichen S\u00e0rl ermutigt auch die Jugend, sich in dieses Kunsthandwerk einzubringen, und f\u00f6rdert eine Zukunft, in der Leidenschaft und Exzellenz die Grundpfeiler des Unternehmens bleiben.   <\/p>\n<p>[\/et_pb_text][\/et_pb_column][et_pb_column type=&#8220;1_2&#8243; _builder_version=&#8220;4.19.1&#8243; background_image=&#8220;https:\/\/ferronnerie-steichen.lu\/wp-content\/uploads\/2019\/05\/Ferronnerie-Steichen.png&#8220; background_size=&#8220;contain&#8220; custom_padding=&#8220;72px|||&#8220; custom_css_main_element=&#8220;margin: auto;&#8220; global_colors_info=&#8220;{}&#8220; custom_padding__hover=&#8220;|||&#8220;][et_pb_divider show_divider=&#8220;off&#8220; _builder_version=&#8220;4.16&#8243; _module_preset=&#8220;default&#8220; custom_padding=&#8220;125px||125px||true|false&#8220; custom_padding_tablet=&#8220;125px||125px||true|false&#8220; custom_padding_phone=&#8220;50px||50px||true|false&#8220; custom_padding_last_edited=&#8220;on|phone&#8220; global_colors_info=&#8220;{}&#8220;][\/et_pb_divider][\/et_pb_column][\/et_pb_row][\/et_pb_section]<\/p>\n","protected":false},"excerpt":{"rendered":"<p>\u00dcber Ferronnerie d&#8217;Art Steichen S\u00c0RLLa Ferronnerie d&#8217;Art Steichen Charles S\u00e0rl steht auch f\u00fcr einen erstklassigen Kundenservice!Wir zeigen mit Stolz unsere Fachkenntnisse und unser Know-how.Ferronnerie d\u2019art Steichen S\u00e0rl1992 gr\u00fcndete Charles Steichen nach 15 Jahren Berufserfahrung den Schlossereibetrieb. Seitdem haben wir viele Projekte zur Zufriedenheit unserer Kunden durchgef\u00fchrt. Wir planen mit Ihnen Ihr individuelles Projekt von der Idee bis zur Umsetzung. Mit viel Fachwissen kombinieren wir Strukturen aus Stahl und Edelstahl mit Elementen aus Holz, Glas, Stein oder Gitterrosten. F\u00fcr absolute Freiheit in der Kunst der MetallbearbeitungWir restaurieren auch bestehende Gel\u00e4nder, Gitter, Tore etc.Ein neues KapitelF\u00fcr die Ferronnerie d\u2019art Steichen S\u00e0rl beginnt ein neues Kapitel mit dem Eintritt von Alain Steichen in das Unternehmen, der die Kontinuit\u00e4t dieses au\u00dfergew\u00f6hnlichen Handwerks sichert. Die neue Generation bringt einen Hauch von Modernit\u00e4t ein und wahrt zugleich die handwerklichen Traditionen, die den Ruf des Unternehmens gepr\u00e4gt haben. Dieser Generationenwechsel markiert einen Schritt in eine zukunftsorientierte Richtung, begleitet von einem stetigen Streben nach Verbesserung und Innovation. Die Ferronnerie d\u2019art Steichen S\u00e0rl ermutigt auch die Jugend, sich in dieses Kunsthandwerk einzubringen, und f\u00f6rdert eine Zukunft, in der Leidenschaft und Exzellenz die Grundpfeiler des Unternehmens bleiben.<\/p>\n","protected":false},"author":1372,"featured_media":52141,"parent":0,"menu_order":0,"comment_status":"closed","ping_status":"closed","template":"","meta":{"_et_pb_use_builder":"on","_et_pb_old_content":"","_et_gb_content_width":"","footnotes":""},"class_list":["post-52404","page","type-page","status-publish","has-post-thumbnail","hentry"],"yoast_head":"<!-- This site is optimized with the Yoast SEO plugin v27.5 - https:\/\/yoast.com\/product\/yoast-seo-wordpress\/ -->\n<title>Ferronnerie d&#039;Art Steichen | \u00dcber uns<\/title>\n<meta name=\"description\" content=\"Ferronnerie d\u2019art Steichen steht seit 1992 zu Ihren Diensten. La Ferronnerie d\u2019Art Steichen Charles steht auch f\u00fcr einen hochwertigen Kundendienst!\" \/>\n<meta name=\"robots\" content=\"index, follow, max-snippet:-1, max-image-preview:large, max-video-preview:-1\" \/>\n<link rel=\"canonical\" href=\"https:\/\/ferronnerie-steichen.lu\/de\/unsere-firma\/\" \/>\n<meta property=\"og:locale\" content=\"de_DE\" \/>\n<meta property=\"og:type\" content=\"article\" \/>\n<meta property=\"og:title\" content=\"Ferronnerie d&#039;Art Steichen | \u00dcber uns\" \/>\n<meta property=\"og:description\" content=\"Ferronnerie d\u2019art Steichen steht seit 1992 zu Ihren Diensten. La Ferronnerie d\u2019Art Steichen Charles steht auch f\u00fcr einen hochwertigen Kundendienst!\" \/>\n<meta property=\"og:url\" content=\"https:\/\/ferronnerie-steichen.lu\/de\/unsere-firma\/\" \/>\n<meta property=\"og:site_name\" content=\"Ferronnerie d&#039;Art Steichen\" \/>\n<meta property=\"article:modified_time\" content=\"2024-10-29T12:42:38+00:00\" \/>\n<meta property=\"og:image\" content=\"https:\/\/ferronnerie-steichen.lu\/wp-content\/uploads\/2021\/01\/Escaliers-sur-mesure-luxembourg-demande-de-devis.jpg\" \/>\n\t<meta property=\"og:image:width\" content=\"1920\" \/>\n\t<meta property=\"og:image:height\" content=\"1080\" \/>\n\t<meta property=\"og:image:type\" content=\"image\/jpeg\" \/>\n<meta name=\"twitter:card\" content=\"summary_large_image\" \/>\n<meta name=\"twitter:label1\" content=\"Gesch\u00e4tzte Lesezeit\" \/>\n\t<meta name=\"twitter:data1\" content=\"7\u00a0Minuten\" \/>\n<script type=\"application\/ld+json\" class=\"yoast-schema-graph\">{\"@context\":\"https:\\\/\\\/schema.org\",\"@graph\":[{\"@type\":\"WebPage\",\"@id\":\"https:\\\/\\\/ferronnerie-steichen.lu\\\/de\\\/unsere-firma\\\/\",\"url\":\"https:\\\/\\\/ferronnerie-steichen.lu\\\/de\\\/unsere-firma\\\/\",\"name\":\"Ferronnerie d'Art Steichen | \u00dcber uns\",\"isPartOf\":{\"@id\":\"https:\\\/\\\/ferronnerie-steichen.lu\\\/de\\\/#website\"},\"primaryImageOfPage\":{\"@id\":\"https:\\\/\\\/ferronnerie-steichen.lu\\\/de\\\/unsere-firma\\\/#primaryimage\"},\"image\":{\"@id\":\"https:\\\/\\\/ferronnerie-steichen.lu\\\/de\\\/unsere-firma\\\/#primaryimage\"},\"thumbnailUrl\":\"https:\\\/\\\/ferronnerie-steichen.lu\\\/wp-content\\\/uploads\\\/2021\\\/01\\\/Escaliers-sur-mesure-luxembourg-demande-de-devis.jpg\",\"datePublished\":\"2021-01-18T11:50:29+00:00\",\"dateModified\":\"2024-10-29T12:42:38+00:00\",\"description\":\"Ferronnerie d\u2019art Steichen steht seit 1992 zu Ihren Diensten. La Ferronnerie d\u2019Art Steichen Charles steht auch f\u00fcr einen hochwertigen Kundendienst!\",\"breadcrumb\":{\"@id\":\"https:\\\/\\\/ferronnerie-steichen.lu\\\/de\\\/unsere-firma\\\/#breadcrumb\"},\"inLanguage\":\"de\",\"potentialAction\":[{\"@type\":\"ReadAction\",\"target\":[\"https:\\\/\\\/ferronnerie-steichen.lu\\\/de\\\/unsere-firma\\\/\"]}]},{\"@type\":\"ImageObject\",\"inLanguage\":\"de\",\"@id\":\"https:\\\/\\\/ferronnerie-steichen.lu\\\/de\\\/unsere-firma\\\/#primaryimage\",\"url\":\"https:\\\/\\\/ferronnerie-steichen.lu\\\/wp-content\\\/uploads\\\/2021\\\/01\\\/Escaliers-sur-mesure-luxembourg-demande-de-devis.jpg\",\"contentUrl\":\"https:\\\/\\\/ferronnerie-steichen.lu\\\/wp-content\\\/uploads\\\/2021\\\/01\\\/Escaliers-sur-mesure-luxembourg-demande-de-devis.jpg\",\"width\":1920,\"height\":1080},{\"@type\":\"BreadcrumbList\",\"@id\":\"https:\\\/\\\/ferronnerie-steichen.lu\\\/de\\\/unsere-firma\\\/#breadcrumb\",\"itemListElement\":[{\"@type\":\"ListItem\",\"position\":1,\"name\":\"Home\",\"item\":\"https:\\\/\\\/ferronnerie-steichen.lu\\\/de\\\/\"},{\"@type\":\"ListItem\",\"position\":2,\"name\":\"Unsere Firma\"}]},{\"@type\":\"WebSite\",\"@id\":\"https:\\\/\\\/ferronnerie-steichen.lu\\\/de\\\/#website\",\"url\":\"https:\\\/\\\/ferronnerie-steichen.lu\\\/de\\\/\",\"name\":\"Ferronnerie Steichen\",\"description\":\"Soci\u00e9t\u00e9 luxembourgeoise sp\u00e9cialis\u00e9e dans la r\u00e9alisation de cr\u00e9ations m\u00e9talliques sur mesure\",\"potentialAction\":[{\"@type\":\"SearchAction\",\"target\":{\"@type\":\"EntryPoint\",\"urlTemplate\":\"https:\\\/\\\/ferronnerie-steichen.lu\\\/de\\\/?s={search_term_string}\"},\"query-input\":{\"@type\":\"PropertyValueSpecification\",\"valueRequired\":true,\"valueName\":\"search_term_string\"}}],\"inLanguage\":\"de\"}]}<\/script>\n<!-- \/ Yoast SEO plugin. -->","yoast_head_json":{"title":"Ferronnerie d'Art Steichen | \u00dcber uns","description":"Ferronnerie d\u2019art Steichen steht seit 1992 zu Ihren Diensten. La Ferronnerie d\u2019Art Steichen Charles steht auch f\u00fcr einen hochwertigen Kundendienst!","robots":{"index":"index","follow":"follow","max-snippet":"max-snippet:-1","max-image-preview":"max-image-preview:large","max-video-preview":"max-video-preview:-1"},"canonical":"https:\/\/ferronnerie-steichen.lu\/de\/unsere-firma\/","og_locale":"de_DE","og_type":"article","og_title":"Ferronnerie d'Art Steichen | \u00dcber uns","og_description":"Ferronnerie d\u2019art Steichen steht seit 1992 zu Ihren Diensten. La Ferronnerie d\u2019Art Steichen Charles steht auch f\u00fcr einen hochwertigen Kundendienst!","og_url":"https:\/\/ferronnerie-steichen.lu\/de\/unsere-firma\/","og_site_name":"Ferronnerie d&#039;Art Steichen","article_modified_time":"2024-10-29T12:42:38+00:00","og_image":[{"width":1920,"height":1080,"url":"https:\/\/ferronnerie-steichen.lu\/wp-content\/uploads\/2021\/01\/Escaliers-sur-mesure-luxembourg-demande-de-devis.jpg","type":"image\/jpeg"}],"twitter_card":"summary_large_image","twitter_misc":{"Gesch\u00e4tzte Lesezeit":"7\u00a0Minuten"},"schema":{"@context":"https:\/\/schema.org","@graph":[{"@type":"WebPage","@id":"https:\/\/ferronnerie-steichen.lu\/de\/unsere-firma\/","url":"https:\/\/ferronnerie-steichen.lu\/de\/unsere-firma\/","name":"Ferronnerie d'Art Steichen | \u00dcber uns","isPartOf":{"@id":"https:\/\/ferronnerie-steichen.lu\/de\/#website"},"primaryImageOfPage":{"@id":"https:\/\/ferronnerie-steichen.lu\/de\/unsere-firma\/#primaryimage"},"image":{"@id":"https:\/\/ferronnerie-steichen.lu\/de\/unsere-firma\/#primaryimage"},"thumbnailUrl":"https:\/\/ferronnerie-steichen.lu\/wp-content\/uploads\/2021\/01\/Escaliers-sur-mesure-luxembourg-demande-de-devis.jpg","datePublished":"2021-01-18T11:50:29+00:00","dateModified":"2024-10-29T12:42:38+00:00","description":"Ferronnerie d\u2019art Steichen steht seit 1992 zu Ihren Diensten. La Ferronnerie d\u2019Art Steichen Charles steht auch f\u00fcr einen hochwertigen Kundendienst!","breadcrumb":{"@id":"https:\/\/ferronnerie-steichen.lu\/de\/unsere-firma\/#breadcrumb"},"inLanguage":"de","potentialAction":[{"@type":"ReadAction","target":["https:\/\/ferronnerie-steichen.lu\/de\/unsere-firma\/"]}]},{"@type":"ImageObject","inLanguage":"de","@id":"https:\/\/ferronnerie-steichen.lu\/de\/unsere-firma\/#primaryimage","url":"https:\/\/ferronnerie-steichen.lu\/wp-content\/uploads\/2021\/01\/Escaliers-sur-mesure-luxembourg-demande-de-devis.jpg","contentUrl":"https:\/\/ferronnerie-steichen.lu\/wp-content\/uploads\/2021\/01\/Escaliers-sur-mesure-luxembourg-demande-de-devis.jpg","width":1920,"height":1080},{"@type":"BreadcrumbList","@id":"https:\/\/ferronnerie-steichen.lu\/de\/unsere-firma\/#breadcrumb","itemListElement":[{"@type":"ListItem","position":1,"name":"Home","item":"https:\/\/ferronnerie-steichen.lu\/de\/"},{"@type":"ListItem","position":2,"name":"Unsere Firma"}]},{"@type":"WebSite","@id":"https:\/\/ferronnerie-steichen.lu\/de\/#website","url":"https:\/\/ferronnerie-steichen.lu\/de\/","name":"Ferronnerie Steichen","description":"Soci\u00e9t\u00e9 luxembourgeoise sp\u00e9cialis\u00e9e dans la r\u00e9alisation de cr\u00e9ations m\u00e9talliques sur mesure","potentialAction":[{"@type":"SearchAction","target":{"@type":"EntryPoint","urlTemplate":"https:\/\/ferronnerie-steichen.lu\/de\/?s={search_term_string}"},"query-input":{"@type":"PropertyValueSpecification","valueRequired":true,"valueName":"search_term_string"}}],"inLanguage":"de"}]}},"_links":{"self":[{"href":"https:\/\/ferronnerie-steichen.lu\/de\/wp-json\/wp\/v2\/pages\/52404","targetHints":{"allow":["GET"]}}],"collection":[{"href":"https:\/\/ferronnerie-steichen.lu\/de\/wp-json\/wp\/v2\/pages"}],"about":[{"href":"https:\/\/ferronnerie-steichen.lu\/de\/wp-json\/wp\/v2\/types\/page"}],"author":[{"embeddable":true,"href":"https:\/\/ferronnerie-steichen.lu\/de\/wp-json\/wp\/v2\/users\/1372"}],"replies":[{"embeddable":true,"href":"https:\/\/ferronnerie-steichen.lu\/de\/wp-json\/wp\/v2\/comments?post=52404"}],"version-history":[{"count":2,"href":"https:\/\/ferronnerie-steichen.lu\/de\/wp-json\/wp\/v2\/pages\/52404\/revisions"}],"predecessor-version":[{"id":52593,"href":"https:\/\/ferronnerie-steichen.lu\/de\/wp-json\/wp\/v2\/pages\/52404\/revisions\/52593"}],"wp:featuredmedia":[{"embeddable":true,"href":"https:\/\/ferronnerie-steichen.lu\/de\/wp-json\/wp\/v2\/media\/52141"}],"wp:attachment":[{"href":"https:\/\/ferronnerie-steichen.lu\/de\/wp-json\/wp\/v2\/media?parent=52404"}],"curies":[{"name":"wp","href":"https:\/\/api.w.org\/{rel}","templated":true}]}}